{"id":1657,"date":"2025-08-07T22:26:49","date_gmt":"2025-08-07T21:26:49","guid":{"rendered":"https:\/\/oriuxlux.com\/?page_id=1657"},"modified":"2025-09-21T11:14:42","modified_gmt":"2025-09-21T10:14:42","slug":"tu-estilo-tu-oriux","status":"publish","type":"page","link":"https:\/\/oriuxlux.com\/en\/tu-estilo-tu-oriux\/","title":{"rendered":"Elige Tu Oriux"},"content":{"rendered":"\t\t<div data-elementor-type=\"wp-page\" data-elementor-id=\"1657\" class=\"elementor elementor-1657\">\n\t\t\t\t<div class=\"elementor-element elementor-element-00f7835 e-flex e-con-boxed e-con e-parent\" data-id=\"00f7835\" data-element_type=\"container\" data-e-type=\"container\">\n\t\t\t\t\t<div class=\"e-con-inner\">\n\t\t\t\t<div class=\"elementor-element elementor-element-f532e86 elementor-widget elementor-widget-heading\" data-id=\"f532e86\" data-element_type=\"widget\" data-e-type=\"widget\" data-widget_type=\"heading.default\">\n\t\t\t\t<div class=\"elementor-widget-container\">\n\t\t\t\t\t<h1 class=\"elementor-heading-title elementor-size-default\">Tu estilo, tu ORIUX<\/h1>\t\t\t\t<\/div>\n\t\t\t\t<\/div>\n\t\t\t\t\t<\/div>\n\t\t\t\t<\/div>\n\t\t<div class=\"elementor-element elementor-element-3f37cb0 e-flex e-con-boxed e-con e-parent\" data-id=\"3f37cb0\" data-element_type=\"container\" data-e-type=\"container\">\n\t\t\t\t\t<div class=\"e-con-inner\">\n\t\t\t\t<div class=\"elementor-element elementor-element-0cf5882 elementor-widget elementor-widget-spacer\" data-id=\"0cf5882\" data-element_type=\"widget\" data-e-type=\"widget\" data-widget_type=\"spacer.default\">\n\t\t\t\t<div class=\"elementor-widget-container\">\n\t\t\t\t\t\t\t<div class=\"elementor-spacer\">\n\t\t\t<div class=\"elementor-spacer-inner\"><\/div>\n\t\t<\/div>\n\t\t\t\t\t\t<\/div>\n\t\t\t\t<\/div>\n\t\t\t\t<div class=\"elementor-element elementor-element-32f3617 elementor-widget elementor-widget-heading\" data-id=\"32f3617\" data-element_type=\"widget\" data-e-type=\"widget\" data-widget_type=\"heading.default\">\n\t\t\t\t<div class=\"elementor-widget-container\">\n\t\t\t\t\t<h2 class=\"elementor-heading-title elementor-size-default\">Elige los materiales y colores que reflejan tu personalidad. Cada pieza es \u00fanica, fabricada a pedido.<\/h2>\t\t\t\t<\/div>\n\t\t\t\t<\/div>\n\t\t\t\t<div class=\"elementor-element elementor-element-bea41de elementor-widget elementor-widget-spacer\" data-id=\"bea41de\" data-element_type=\"widget\" data-e-type=\"widget\" data-widget_type=\"spacer.default\">\n\t\t\t\t<div class=\"elementor-widget-container\">\n\t\t\t\t\t\t\t<div class=\"elementor-spacer\">\n\t\t\t<div class=\"elementor-spacer-inner\"><\/div>\n\t\t<\/div>\n\t\t\t\t\t\t<\/div>\n\t\t\t\t<\/div>\n\t\t\t\t<div class=\"elementor-element elementor-element-edd015a elementor-widget elementor-widget-text-editor\" data-id=\"edd015a\" data-element_type=\"widget\" data-e-type=\"widget\" data-widget_type=\"text-editor.default\">\n\t\t\t\t<div class=\"elementor-widget-container\">\n\t\t\t\t\t\t\t\t\t<p>Desde el acabado met\u00e1lico de la estructura hasta la textura de la encimera o el car\u00e1cter escult\u00f3rico de la esfera: descubre las combinaciones que hacen de ORIUX una obra singular.\u00a0<\/p>\t\t\t\t\t\t\t\t<\/div>\n\t\t\t\t<\/div>\n\t\t\t\t\t<\/div>\n\t\t\t\t<\/div>\n\t\t<div class=\"elementor-element elementor-element-9f6195e e-grid e-con-boxed e-con e-parent\" data-id=\"9f6195e\" data-element_type=\"container\" data-e-type=\"container\">\n\t\t\t\t\t<div class=\"e-con-inner\">\n\t\t\t\t<div class=\"elementor-element elementor-element-78585c4 elementor-widget elementor-widget-image\" data-id=\"78585c4\" data-element_type=\"widget\" data-e-type=\"widget\" data-widget_type=\"image.default\">\n\t\t\t\t<div class=\"elementor-widget-container\">\n\t\t\t\t\t\t\t\t\t\t\t\t<figure class=\"wp-caption\">\n\t\t\t\t\t\t\t\t\t\t\t<a href=\"https:\/\/drive.google.com\/file\/d\/1JFOFH_wSIYIyyFQYFHBGb2s7f4cGJsd8\/view?usp=sharing\" target=\"_blank\">\n\t\t\t\t\t\t\t<img fetchpriority=\"high\" decoding=\"async\" width=\"225\" height=\"225\" src=\"https:\/\/oriuxlux.com\/wp-content\/uploads\/2025\/09\/Icono-Espana.jpeg\" class=\"attachment-large size-large wp-image-1686\" alt=\"\" srcset=\"https:\/\/oriuxlux.com\/wp-content\/uploads\/2025\/09\/Icono-Espana.jpeg 225w, https:\/\/oriuxlux.com\/wp-content\/uploads\/2025\/09\/Icono-Espana-150x150.jpeg 150w\" sizes=\"(max-width: 225px) 100vw, 225px\" \/>\t\t\t\t\t\t\t\t<\/a>\n\t\t\t\t\t\t\t\t\t\t\t<figcaption class=\"widget-image-caption wp-caption-text\">Ficha T\u00e9cnica<\/figcaption>\n\t\t\t\t\t\t\t\t\t\t<\/figure>\n\t\t\t\t\t\t\t\t\t<\/div>\n\t\t\t\t<\/div>\n\t\t\t\t<div class=\"elementor-element elementor-element-1b55164 elementor-widget elementor-widget-image\" data-id=\"1b55164\" data-element_type=\"widget\" data-e-type=\"widget\" data-widget_type=\"image.default\">\n\t\t\t\t<div class=\"elementor-widget-container\">\n\t\t\t\t\t\t\t\t\t\t\t\t<figure class=\"wp-caption\">\n\t\t\t\t\t\t\t\t\t\t\t<a href=\"https:\/\/drive.google.com\/file\/d\/1cpl6xX24xMN-X9Whk7RAp_SfuVpeVoW6\/view?usp=sharing\" target=\"_blank\">\n\t\t\t\t\t\t\t<img decoding=\"async\" width=\"225\" height=\"225\" src=\"https:\/\/oriuxlux.com\/wp-content\/uploads\/2025\/09\/Icono-Francia.png\" class=\"attachment-large size-large wp-image-1687\" alt=\"\" srcset=\"https:\/\/oriuxlux.com\/wp-content\/uploads\/2025\/09\/Icono-Francia.png 225w, https:\/\/oriuxlux.com\/wp-content\/uploads\/2025\/09\/Icono-Francia-150x150.png 150w\" sizes=\"(max-width: 225px) 100vw, 225px\" \/>\t\t\t\t\t\t\t\t<\/a>\n\t\t\t\t\t\t\t\t\t\t\t<figcaption class=\"widget-image-caption wp-caption-text\">Fiche technique<\/figcaption>\n\t\t\t\t\t\t\t\t\t\t<\/figure>\n\t\t\t\t\t\t\t\t\t<\/div>\n\t\t\t\t<\/div>\n\t\t\t\t<div class=\"elementor-element elementor-element-f147ddc elementor-widget elementor-widget-image\" data-id=\"f147ddc\" data-element_type=\"widget\" data-e-type=\"widget\" data-widget_type=\"image.default\">\n\t\t\t\t<div class=\"elementor-widget-container\">\n\t\t\t\t\t\t\t\t\t\t\t\t<figure class=\"wp-caption\">\n\t\t\t\t\t\t\t\t\t\t\t<a href=\"https:\/\/drive.google.com\/file\/d\/1V3vTejoMD_P8Xu2ZOy1PdL31JLoHsxcl\/view?usp=sharing\" target=\"_blank\">\n\t\t\t\t\t\t\t<img decoding=\"async\" width=\"225\" height=\"225\" src=\"https:\/\/oriuxlux.com\/wp-content\/uploads\/2025\/09\/Icono-Inland.png\" class=\"attachment-large size-large wp-image-1688\" alt=\"\" srcset=\"https:\/\/oriuxlux.com\/wp-content\/uploads\/2025\/09\/Icono-Inland.png 225w, https:\/\/oriuxlux.com\/wp-content\/uploads\/2025\/09\/Icono-Inland-150x150.png 150w\" sizes=\"(max-width: 225px) 100vw, 225px\" \/>\t\t\t\t\t\t\t\t<\/a>\n\t\t\t\t\t\t\t\t\t\t\t<figcaption class=\"widget-image-caption wp-caption-text\">Technical sheet<\/figcaption>\n\t\t\t\t\t\t\t\t\t\t<\/figure>\n\t\t\t\t\t\t\t\t\t<\/div>\n\t\t\t\t<\/div>\n\t\t\t\t<div class=\"elementor-element elementor-element-44ca984 elementor-widget elementor-widget-image\" data-id=\"44ca984\" data-element_type=\"widget\" data-e-type=\"widget\" data-widget_type=\"image.default\">\n\t\t\t\t<div class=\"elementor-widget-container\">\n\t\t\t\t\t\t\t\t\t\t\t\t<figure class=\"wp-caption\">\n\t\t\t\t\t\t\t\t\t\t\t<a href=\"https:\/\/drive.google.com\/file\/d\/11aMMCTZ_pG7V6GYwXDTsU3s2ZWc9RwSJ\/view?usp=sharing\" target=\"_blank\">\n\t\t\t\t\t\t\t<img loading=\"lazy\" decoding=\"async\" width=\"225\" height=\"225\" src=\"https:\/\/oriuxlux.com\/wp-content\/uploads\/2025\/09\/Icono-Emiratos.png\" class=\"attachment-large size-large wp-image-1685\" alt=\"\" srcset=\"https:\/\/oriuxlux.com\/wp-content\/uploads\/2025\/09\/Icono-Emiratos.png 225w, https:\/\/oriuxlux.com\/wp-content\/uploads\/2025\/09\/Icono-Emiratos-150x150.png 150w\" sizes=\"(max-width: 225px) 100vw, 225px\" \/>\t\t\t\t\t\t\t\t<\/a>\n\t\t\t\t\t\t\t\t\t\t\t<figcaption class=\"widget-image-caption wp-caption-text\">\u0627\u0644\u0645\u0648\u0627\u0635\u0641\u0627\u062a \u0627\u0644\u0641\u0646\u064a\u0629<\/figcaption>\n\t\t\t\t\t\t\t\t\t\t<\/figure>\n\t\t\t\t\t\t\t\t\t<\/div>\n\t\t\t\t<\/div>\n\t\t\t\t\t<\/div>\n\t\t\t\t<\/div>\n\t\t<div class=\"elementor-element elementor-element-84cf93e e-flex e-con-boxed e-con e-parent\" data-id=\"84cf93e\" data-element_type=\"container\" data-e-type=\"container\">\n\t\t\t\t\t<div class=\"e-con-inner\">\n\t\t\t\t\t<\/div>\n\t\t\t\t<\/div>\n\t\t<div class=\"elementor-element elementor-element-4563b6d e-flex e-con-boxed e-con e-parent\" data-id=\"4563b6d\" data-element_type=\"container\" data-e-type=\"container\">\n\t\t\t\t\t<div class=\"e-con-inner\">\n\t\t\t\t<div class=\"elementor-element elementor-element-3a4eebd elementor-arrows-position-inside elementor-widget elementor-widget-image-carousel\" data-id=\"3a4eebd\" data-element_type=\"widget\" data-e-type=\"widget\" data-settings=\"{&quot;slides_to_show&quot;:&quot;1&quot;,&quot;navigation&quot;:&quot;arrows&quot;,&quot;autoplay&quot;:&quot;yes&quot;,&quot;pause_on_hover&quot;:&quot;yes&quot;,&quot;pause_on_interaction&quot;:&quot;yes&quot;,&quot;autoplay_speed&quot;:5000,&quot;infinite&quot;:&quot;yes&quot;,&quot;effect&quot;:&quot;slide&quot;,&quot;speed&quot;:500}\" data-widget_type=\"image-carousel.default\">\n\t\t\t\t<div class=\"elementor-widget-container\">\n\t\t\t\t\t\t\t<div class=\"elementor-image-carousel-wrapper swiper\" role=\"region\" aria-roledescription=\"carousel\" aria-label=\"Carrusel de im\u00e1genes\" dir=\"ltr\">\n\t\t\t<div class=\"elementor-image-carousel swiper-wrapper\" aria-live=\"off\">\n\t\t\t\t\t\t\t\t<div class=\"swiper-slide\" role=\"group\" aria-roledescription=\"slide\" aria-label=\"1 of 4\"><figure class=\"swiper-slide-inner\"><img decoding=\"async\" class=\"swiper-slide-image\" src=\"https:\/\/oriuxlux.com\/wp-content\/uploads\/2025\/08\/Pedestal-Serie-V-blue-perspectiva-1.png\" alt=\"Oriux Serie V\" \/><figcaption class=\"elementor-image-carousel-caption\">[:es]Oriux Serie V[:]<\/figcaption><\/figure><\/div><div class=\"swiper-slide\" role=\"group\" aria-roledescription=\"slide\" aria-label=\"2 of 4\"><figure class=\"swiper-slide-inner\"><img decoding=\"async\" class=\"swiper-slide-image\" src=\"https:\/\/oriuxlux.com\/wp-content\/uploads\/2025\/07\/Pedestal-Serie-R.png-perspectiva1.png\" alt=\"Oriux Serie R\" \/><figcaption class=\"elementor-image-carousel-caption\">[:es]Oriux Serie R[:]<\/figcaption><\/figure><\/div><div class=\"swiper-slide\" role=\"group\" aria-roledescription=\"slide\" aria-label=\"3 of 4\"><figure class=\"swiper-slide-inner\"><img decoding=\"async\" class=\"swiper-slide-image\" src=\"https:\/\/oriuxlux.com\/wp-content\/uploads\/2025\/08\/Pedestal-Serie-V-Negro-encimera-negra-1-e1757511267158.png\" alt=\"Serie V\" \/><figcaption class=\"elementor-image-carousel-caption\">[:es]Serie V[:]<\/figcaption><\/figure><\/div><div class=\"swiper-slide\" role=\"group\" aria-roledescription=\"slide\" aria-label=\"4 of 4\"><figure class=\"swiper-slide-inner\"><img decoding=\"async\" class=\"swiper-slide-image\" src=\"https:\/\/oriuxlux.com\/wp-content\/uploads\/2025\/09\/Pedestal-Serie-R2-3.png\" alt=\"Oriux Serie R 2\" \/><figcaption class=\"elementor-image-carousel-caption\">[:es]Oriux Serie R 2[:]<\/figcaption><\/figure><\/div>\t\t\t<\/div>\n\t\t\t\t\t\t\t\t\t\t\t\t<div class=\"elementor-swiper-button elementor-swiper-button-prev\" role=\"button\" tabindex=\"0\">\n\t\t\t\t\t\t<svg aria-hidden=\"true\" class=\"e-font-icon-svg e-eicon-chevron-left\" viewBox=\"0 0 1000 1000\" xmlns=\"http:\/\/www.w3.org\/2000\/svg\"><path d=\"M646 125C629 125 613 133 604 142L308 442C296 454 292 471 292 487 292 504 296 521 308 533L604 854C617 867 629 875 646 875 663 875 679 871 692 858 704 846 713 829 713 812 713 796 708 779 692 767L438 487 692 225C700 217 708 204 708 187 708 171 704 154 692 142 675 129 663 125 646 125Z\"><\/path><\/svg>\t\t\t\t\t<\/div>\n\t\t\t\t\t<div class=\"elementor-swiper-button elementor-swiper-button-next\" role=\"button\" tabindex=\"0\">\n\t\t\t\t\t\t<svg aria-hidden=\"true\" class=\"e-font-icon-svg e-eicon-chevron-right\" viewBox=\"0 0 1000 1000\" xmlns=\"http:\/\/www.w3.org\/2000\/svg\"><path d=\"M696 533C708 521 713 504 713 487 713 471 708 454 696 446L400 146C388 133 375 125 354 125 338 125 325 129 313 142 300 154 292 171 292 187 292 204 296 221 308 233L563 492 304 771C292 783 288 800 288 817 288 833 296 850 308 863 321 871 338 875 354 875 371 875 388 867 400 854L696 533Z\"><\/path><\/svg>\t\t\t\t\t<\/div>\n\t\t\t\t\n\t\t\t\t\t\t\t\t\t<\/div>\n\t\t\t\t\t\t<\/div>\n\t\t\t\t<\/div>\n\t\t\t\t\t<\/div>\n\t\t\t\t<\/div>\n\t\t<div class=\"elementor-element elementor-element-f756984 e-flex e-con-boxed e-con e-parent\" data-id=\"f756984\" data-element_type=\"container\" data-e-type=\"container\">\n\t\t\t\t\t<div class=\"e-con-inner\">\n\t\t\t\t<div class=\"elementor-element elementor-element-4efdb8e elementor-widget elementor-widget-video\" data-id=\"4efdb8e\" data-element_type=\"widget\" data-e-type=\"widget\" data-settings=\"{&quot;youtube_url&quot;:&quot;https:\\\/\\\/youtube.com\\\/shorts\\\/oiylwXIQ6As?si=dbJfigOF6bv1ipLv&quot;,&quot;video_type&quot;:&quot;youtube&quot;,&quot;controls&quot;:&quot;yes&quot;}\" data-widget_type=\"video.default\">\n\t\t\t\t<div class=\"elementor-widget-container\">\n\t\t\t\t\t\t\t<div class=\"elementor-wrapper elementor-open-inline\">\n\t\t\t<div class=\"elementor-video\"><\/div>\t\t<\/div>\n\t\t\t\t\t\t<\/div>\n\t\t\t\t<\/div>\n\t\t\t\t\t<\/div>\n\t\t\t\t<\/div>\n\t\t\t\t<\/div>\n\t\t","protected":false},"excerpt":{"rendered":"<p>Oriux Serie VOriux Serie VOriux Serie ROriux Serie RSerie VSerie VOriux Serie R 2Oriux Serie R 2<\/p>\n","protected":false},"author":1,"featured_media":0,"parent":0,"menu_order":0,"comment_status":"closed","ping_status":"closed","template":"","meta":{"_uag_custom_page_level_css":"","ocean_post_layout":"","ocean_both_sidebars_style":"","ocean_both_sidebars_content_width":0,"ocean_both_sidebars_sidebars_width":0,"ocean_sidebar":"","ocean_second_sidebar":"","ocean_disable_margins":"enable","ocean_add_body_class":"","ocean_shortcode_before_top_bar":"","ocean_shortcode_after_top_bar":"","ocean_shortcode_before_header":"","ocean_shortcode_after_header":"","ocean_has_shortcode":"","ocean_shortcode_after_title":"","ocean_shortcode_before_footer_widgets":"","ocean_shortcode_after_footer_widgets":"","ocean_shortcode_before_footer_bottom":"","ocean_shortcode_after_footer_bottom":"","ocean_display_top_bar":"default","ocean_display_header":"default","ocean_header_style":"","ocean_center_header_left_menu":"","ocean_custom_header_template":"","ocean_custom_logo":0,"ocean_custom_retina_logo":0,"ocean_custom_logo_max_width":0,"ocean_custom_logo_tablet_max_width":0,"ocean_custom_logo_mobile_max_width":0,"ocean_custom_logo_max_height":0,"ocean_custom_logo_tablet_max_height":0,"ocean_custom_logo_mobile_max_height":0,"ocean_header_custom_menu":"","ocean_menu_typo_font_family":"","ocean_menu_typo_font_subset":"","ocean_menu_typo_font_size":0,"ocean_menu_typo_font_size_tablet":0,"ocean_menu_typo_font_size_mobile":0,"ocean_menu_typo_font_size_unit":"px","ocean_menu_typo_font_weight":"","ocean_menu_typo_font_weight_tablet":"","ocean_menu_typo_font_weight_mobile":"","ocean_menu_typo_transform":"","ocean_menu_typo_transform_tablet":"","ocean_menu_typo_transform_mobile":"","ocean_menu_typo_line_height":0,"ocean_menu_typo_line_height_tablet":0,"ocean_menu_typo_line_height_mobile":0,"ocean_menu_typo_line_height_unit":"","ocean_menu_typo_spacing":0,"ocean_menu_typo_spacing_tablet":0,"ocean_menu_typo_spacing_mobile":0,"ocean_menu_typo_spacing_unit":"","ocean_menu_link_color":"","ocean_menu_link_color_hover":"","ocean_menu_link_color_active":"","ocean_menu_link_background":"","ocean_menu_link_hover_background":"","ocean_menu_link_active_background":"","ocean_menu_social_links_bg":"","ocean_menu_social_hover_links_bg":"","ocean_menu_social_links_color":"","ocean_menu_social_hover_links_color":"","ocean_disable_title":"default","ocean_disable_heading":"default","ocean_post_title":"","ocean_post_subheading":"","ocean_post_title_style":"","ocean_post_title_background_color":"","ocean_post_title_background":0,"ocean_post_title_bg_image_position":"","ocean_post_title_bg_image_attachment":"","ocean_post_title_bg_image_repeat":"","ocean_post_title_bg_image_size":"","ocean_post_title_height":0,"ocean_post_title_bg_overlay":0.5,"ocean_post_title_bg_overlay_color":"","ocean_disable_breadcrumbs":"default","ocean_breadcrumbs_color":"","ocean_breadcrumbs_separator_color":"","ocean_breadcrumbs_links_color":"","ocean_breadcrumbs_links_hover_color":"","ocean_display_footer_widgets":"default","ocean_display_footer_bottom":"default","ocean_custom_footer_template":"","omw_enable_modal_window":"enable","_joinchat":[],"footnotes":""},"class_list":["post-1657","page","type-page","status-publish","hentry","entry"],"yoast_head":"<!-- This site is optimized with the Yoast SEO plugin v27.4 - https:\/\/yoast.com\/product\/yoast-seo-wordpress\/ -->\n<title>Elige Tu Oriux<\/title>\n<meta name=\"robots\" content=\"index, follow, max-snippet:-1, max-image-preview:large, max-video-preview:-1\" \/>\n<link rel=\"canonical\" href=\"https:\/\/oriuxlux.com\/en\/tu-estilo-tu-oriux\/\" \/>\n<meta property=\"og:locale\" content=\"en_US\" \/>\n<meta property=\"og:locale:alternate\" content=\"es_ES\" \/>\n<meta property=\"og:locale:alternate\" content=\"ar-SA\" \/>\n<meta property=\"og:type\" content=\"article\" \/>\n<meta property=\"og:title\" content=\"Elige Tu Oriux\" \/>\n<meta property=\"og:description\" content=\"Oriux Serie VOriux Serie VOriux Serie ROriux Serie RSerie VSerie VOriux Serie R 2Oriux Serie R 2\" \/>\n<meta property=\"og:url\" content=\"https:\/\/oriuxlux.com\/en\/tu-estilo-tu-oriux\/\" \/>\n<meta property=\"article:modified_time\" content=\"2025-09-21T10:14:42+00:00\" \/>\n<meta property=\"og:image\" content=\"https:\/\/oriuxlux.com\/wp-content\/uploads\/2025\/09\/Icono-Espana.jpeg\" \/>\n\t<meta property=\"og:image:width\" content=\"225\" \/>\n\t<meta property=\"og:image:height\" content=\"225\" \/>\n\t<meta property=\"og:image:type\" content=\"image\/jpeg\" \/>\n<meta name=\"twitter:card\" content=\"summary_large_image\" \/>\n<meta name=\"twitter:label1\" content=\"Est. reading time\" \/>\n\t<meta name=\"twitter:data1\" content=\"3 minutes\" \/>\n<script type=\"application\/ld+json\" class=\"yoast-schema-graph\">{\"@context\":\"https:\\\/\\\/schema.org\",\"@graph\":[{\"@type\":\"WebPage\",\"@id\":\"https:\\\/\\\/oriuxlux.com\\\/tu-estilo-tu-oriux\\\/\",\"url\":\"https:\\\/\\\/oriuxlux.com\\\/tu-estilo-tu-oriux\\\/\",\"name\":\"Elige Tu Oriux\",\"isPartOf\":{\"@id\":\"https:\\\/\\\/oriuxlux.com\\\/#website\"},\"primaryImageOfPage\":{\"@id\":\"https:\\\/\\\/oriuxlux.com\\\/tu-estilo-tu-oriux\\\/#primaryimage\"},\"image\":{\"@id\":\"https:\\\/\\\/oriuxlux.com\\\/tu-estilo-tu-oriux\\\/#primaryimage\"},\"thumbnailUrl\":\"https:\\\/\\\/oriuxlux.com\\\/wp-content\\\/uploads\\\/2025\\\/09\\\/Icono-Espana.jpeg\",\"datePublished\":\"2025-08-07T21:26:49+00:00\",\"dateModified\":\"2025-09-21T10:14:42+00:00\",\"breadcrumb\":{\"@id\":\"https:\\\/\\\/oriuxlux.com\\\/tu-estilo-tu-oriux\\\/#breadcrumb\"},\"inLanguage\":\"en-US\",\"potentialAction\":[{\"@type\":\"ReadAction\",\"target\":[\"https:\\\/\\\/oriuxlux.com\\\/tu-estilo-tu-oriux\\\/\"]}]},{\"@type\":\"ImageObject\",\"inLanguage\":\"en-US\",\"@id\":\"https:\\\/\\\/oriuxlux.com\\\/tu-estilo-tu-oriux\\\/#primaryimage\",\"url\":\"https:\\\/\\\/oriuxlux.com\\\/wp-content\\\/uploads\\\/2025\\\/09\\\/Icono-Espana.jpeg\",\"contentUrl\":\"https:\\\/\\\/oriuxlux.com\\\/wp-content\\\/uploads\\\/2025\\\/09\\\/Icono-Espana.jpeg\"},{\"@type\":\"BreadcrumbList\",\"@id\":\"https:\\\/\\\/oriuxlux.com\\\/tu-estilo-tu-oriux\\\/#breadcrumb\",\"itemListElement\":[{\"@type\":\"ListItem\",\"position\":1,\"name\":\"Portada\",\"item\":\"https:\\\/\\\/oriuxlux.com\\\/\"},{\"@type\":\"ListItem\",\"position\":2,\"name\":\"Elige Tu Oriux\"}]},{\"@type\":\"WebSite\",\"@id\":\"https:\\\/\\\/oriuxlux.com\\\/#website\",\"url\":\"https:\\\/\\\/oriuxlux.com\\\/\",\"name\":\"\",\"description\":\"\",\"potentialAction\":[{\"@type\":\"SearchAction\",\"target\":{\"@type\":\"EntryPoint\",\"urlTemplate\":\"https:\\\/\\\/oriuxlux.com\\\/?s={search_term_string}\"},\"query-input\":{\"@type\":\"PropertyValueSpecification\",\"valueRequired\":true,\"valueName\":\"search_term_string\"}}],\"inLanguage\":\"en-US\"}]}<\/script>\n<!-- \/ Yoast SEO plugin. -->","yoast_head_json":{"title":"Elige Tu Oriux","robots":{"index":"index","follow":"follow","max-snippet":"max-snippet:-1","max-image-preview":"max-image-preview:large","max-video-preview":"max-video-preview:-1"},"canonical":"https:\/\/oriuxlux.com\/en\/tu-estilo-tu-oriux\/","og_locale":"en_US","og_type":"article","og_title":"[:es]Elige Tu Oriux[:] -","og_description":"Oriux Serie VOriux Serie VOriux Serie ROriux Serie RSerie VSerie VOriux Serie R 2Oriux Serie R 2","og_url":"https:\/\/oriuxlux.com\/en\/tu-estilo-tu-oriux\/","article_modified_time":"2025-09-21T10:14:42+00:00","og_image":[{"width":225,"height":225,"url":"https:\/\/oriuxlux.com\/wp-content\/uploads\/2025\/09\/Icono-Espana.jpeg","type":"image\/jpeg"}],"twitter_card":"summary_large_image","twitter_misc":{"Est. reading time":"3 minutes"},"schema":{"@context":"https:\/\/schema.org","@graph":[{"@type":"WebPage","@id":"https:\/\/oriuxlux.com\/tu-estilo-tu-oriux\/","url":"https:\/\/oriuxlux.com\/tu-estilo-tu-oriux\/","name":"Elige Tu Oriux","isPartOf":{"@id":"https:\/\/oriuxlux.com\/#website"},"primaryImageOfPage":{"@id":"https:\/\/oriuxlux.com\/tu-estilo-tu-oriux\/#primaryimage"},"image":{"@id":"https:\/\/oriuxlux.com\/tu-estilo-tu-oriux\/#primaryimage"},"thumbnailUrl":"https:\/\/oriuxlux.com\/wp-content\/uploads\/2025\/09\/Icono-Espana.jpeg","datePublished":"2025-08-07T21:26:49+00:00","dateModified":"2025-09-21T10:14:42+00:00","breadcrumb":{"@id":"https:\/\/oriuxlux.com\/tu-estilo-tu-oriux\/#breadcrumb"},"inLanguage":"en-US","potentialAction":[{"@type":"ReadAction","target":["https:\/\/oriuxlux.com\/tu-estilo-tu-oriux\/"]}]},{"@type":"ImageObject","inLanguage":"en-US","@id":"https:\/\/oriuxlux.com\/tu-estilo-tu-oriux\/#primaryimage","url":"https:\/\/oriuxlux.com\/wp-content\/uploads\/2025\/09\/Icono-Espana.jpeg","contentUrl":"https:\/\/oriuxlux.com\/wp-content\/uploads\/2025\/09\/Icono-Espana.jpeg"},{"@type":"BreadcrumbList","@id":"https:\/\/oriuxlux.com\/tu-estilo-tu-oriux\/#breadcrumb","itemListElement":[{"@type":"ListItem","position":1,"name":"Portada","item":"https:\/\/oriuxlux.com\/"},{"@type":"ListItem","position":2,"name":"Elige Tu Oriux"}]},{"@type":"WebSite","@id":"https:\/\/oriuxlux.com\/#website","url":"https:\/\/oriuxlux.com\/","name":"","description":"","potentialAction":[{"@type":"SearchAction","target":{"@type":"EntryPoint","urlTemplate":"https:\/\/oriuxlux.com\/?s={search_term_string}"},"query-input":{"@type":"PropertyValueSpecification","valueRequired":true,"valueName":"search_term_string"}}],"inLanguage":"en-US"}]}},"uagb_featured_image_src":{"full":false,"thumbnail":false,"medium":false,"medium_large":false,"large":false,"1536x1536":false,"2048x2048":false,"ocean-thumb-m":false,"ocean-thumb-ml":false,"ocean-thumb-l":false},"uagb_author_info":{"display_name":"admin","author_link":"https:\/\/oriuxlux.com\/en\/author\/dani_defa_qw2v2085\/"},"uagb_comment_info":0,"uagb_excerpt":"Oriux Serie VOriux Serie VOriux Serie ROriux Serie RSerie VSerie VOriux Serie R 2Oriux Serie R 2","_links":{"self":[{"href":"https:\/\/oriuxlux.com\/en\/wp-json\/wp\/v2\/pages\/1657","targetHints":{"allow":["GET"]}}],"collection":[{"href":"https:\/\/oriuxlux.com\/en\/wp-json\/wp\/v2\/pages"}],"about":[{"href":"https:\/\/oriuxlux.com\/en\/wp-json\/wp\/v2\/types\/page"}],"author":[{"embeddable":true,"href":"https:\/\/oriuxlux.com\/en\/wp-json\/wp\/v2\/users\/1"}],"replies":[{"embeddable":true,"href":"https:\/\/oriuxlux.com\/en\/wp-json\/wp\/v2\/comments?post=1657"}],"version-history":[{"count":54,"href":"https:\/\/oriuxlux.com\/en\/wp-json\/wp\/v2\/pages\/1657\/revisions"}],"predecessor-version":[{"id":1781,"href":"https:\/\/oriuxlux.com\/en\/wp-json\/wp\/v2\/pages\/1657\/revisions\/1781"}],"wp:attachment":[{"href":"https:\/\/oriuxlux.com\/en\/wp-json\/wp\/v2\/media?parent=1657"}],"curies":[{"name":"wp","href":"https:\/\/api.w.org\/{rel}","templated":true}]}}