{"id":1607,"date":"2025-06-27T23:38:06","date_gmt":"2025-06-27T22:38:06","guid":{"rendered":"https:\/\/oriuxlux.com\/?page_id=1607"},"modified":"2025-06-27T23:38:34","modified_gmt":"2025-06-27T22:38:34","slug":"noticias","status":"publish","type":"page","link":"https:\/\/oriuxlux.com\/ar\/noticias\/","title":{"rendered":"Noticias"},"content":{"rendered":"\t\t<div data-elementor-type=\"wp-page\" data-elementor-id=\"1607\" class=\"elementor elementor-1607\">\n\t\t\t\t<div class=\"elementor-element elementor-element-70b7b33 e-flex e-con-boxed e-con e-parent\" data-id=\"70b7b33\" data-element_type=\"container\" data-e-type=\"container\">\n\t\t\t\t\t<div class=\"e-con-inner\">\n\t\t\t\t<div class=\"elementor-element elementor-element-645f685 elementor-widget elementor-widget-image\" data-id=\"645f685\" data-element_type=\"widget\" data-e-type=\"widget\" data-widget_type=\"image.default\">\n\t\t\t\t<div class=\"elementor-widget-container\">\n\t\t\t\t\t\t\t\t\t\t\t\t\t\t\t<img fetchpriority=\"high\" decoding=\"async\" width=\"851\" height=\"315\" src=\"https:\/\/oriuxlux.com\/wp-content\/uploads\/2025\/06\/Noticias.png\" class=\"attachment-large size-large wp-image-1609\" alt=\"Noticias Oriux\" srcset=\"https:\/\/oriuxlux.com\/wp-content\/uploads\/2025\/06\/Noticias.png 851w, https:\/\/oriuxlux.com\/wp-content\/uploads\/2025\/06\/Noticias-300x111.png 300w, https:\/\/oriuxlux.com\/wp-content\/uploads\/2025\/06\/Noticias-768x284.png 768w\" sizes=\"(max-width: 851px) 100vw, 851px\" \/>\t\t\t\t\t\t\t\t\t\t\t\t\t\t\t<\/div>\n\t\t\t\t<\/div>\n\t\t\t\t<div class=\"elementor-element elementor-element-d1458be elementor-widget elementor-widget-spacer\" data-id=\"d1458be\" data-element_type=\"widget\" data-e-type=\"widget\" data-widget_type=\"spacer.default\">\n\t\t\t\t<div class=\"elementor-widget-container\">\n\t\t\t\t\t\t\t<div class=\"elementor-spacer\">\n\t\t\t<div class=\"elementor-spacer-inner\"><\/div>\n\t\t<\/div>\n\t\t\t\t\t\t<\/div>\n\t\t\t\t<\/div>\n\t\t\t\t<div class=\"elementor-element elementor-element-9b187a4 elementor-widget elementor-widget-heading\" data-id=\"9b187a4\" data-element_type=\"widget\" data-e-type=\"widget\" data-widget_type=\"heading.default\">\n\t\t\t\t<div class=\"elementor-widget-container\">\n\t\t\t\t\t<h2 class=\"elementor-heading-title elementor-size-default\">Presentaci\u00f3n Oriux serie V<\/h2>\t\t\t\t<\/div>\n\t\t\t\t<\/div>\n\t\t\t\t\t<\/div>\n\t\t\t\t<\/div>\n\t\t<div class=\"elementor-element elementor-element-d0ad512 e-flex e-con-boxed e-con e-parent\" data-id=\"d0ad512\" data-element_type=\"container\" data-e-type=\"container\">\n\t\t\t\t\t<div class=\"e-con-inner\">\n\t\t\t\t<div class=\"elementor-element elementor-element-67f12ff elementor-widget elementor-widget-text-editor\" data-id=\"67f12ff\" data-element_type=\"widget\" data-e-type=\"widget\" data-widget_type=\"text-editor.default\">\n\t\t\t\t<div class=\"elementor-widget-container\">\n\t\t\t\t\t\t\t\t\t<p>El pasado jueves 19 de junio tuvimos el honor de presentar <strong>&#8220;ORIUX Serie V&#8221;<\/strong>,\u00a0 en un encuentro empresarial realizado en las instalaciones de <strong>FEMEPA<\/strong>\u00a0 con la colaboraci\u00f3n de un grupo de empresarios de Canarias.<\/p>\n<p><br \/>En este evento estuvieron presentes <strong>Directivos de Femepa<\/strong>, <strong>socios de Sinercan<\/strong> y <strong>socios de COMETAL<\/strong>, \u00e9sta jornada se hizo muy amena y participativa gracias a todos los presentes.<\/p>\n<p>Despu\u00e9s de las presentaciones pertinentes se compartieron caf\u00e9 y un interesante Network en el que surgieron posibles negocios y colaboraciones a corto y medio plazo.<\/p>\n<p>Se expusieron conjuntamente con nuestro pedestal serie V lagunos modelos de lavabos de &#8220;Guch Design&#8221; entre los cuales estaba el modelo<strong> Hadar<\/strong> instalado en nuestro pedastal serie V y no faltaron los modelos<strong> Izar<\/strong> y <strong>Betelgeuse\u00a0<\/strong>adem\u00e1s de los otros 7 modelos en maquetas diminutas a escala.<\/p>\n<p><br \/>Nos damos por satisfechos habiendo llegado al fin deseado de \u00e9sta jornada y damos las gracias a todos los participantes.<\/p>\t\t\t\t\t\t\t\t<\/div>\n\t\t\t\t<\/div>\n\t\t\t\t\t<\/div>\n\t\t\t\t<\/div>\n\t\t<div class=\"elementor-element elementor-element-70e79ef e-flex e-con-boxed e-con e-parent\" data-id=\"70e79ef\" data-element_type=\"container\" data-e-type=\"container\">\n\t\t\t\t\t<div class=\"e-con-inner\">\n\t\t\t\t<div class=\"elementor-element elementor-element-78b0a15 elementor-widget__width-inherit e-transform elementor-arrows-position-inside elementor-pagination-position-outside elementor-widget elementor-widget-image-carousel\" data-id=\"78b0a15\" data-element_type=\"widget\" data-e-type=\"widget\" data-settings=\"{&quot;_transform_scale_effect&quot;:{&quot;unit&quot;:&quot;px&quot;,&quot;size&quot;:1,&quot;sizes&quot;:[]},&quot;navigation&quot;:&quot;both&quot;,&quot;autoplay&quot;:&quot;yes&quot;,&quot;pause_on_hover&quot;:&quot;yes&quot;,&quot;pause_on_interaction&quot;:&quot;yes&quot;,&quot;autoplay_speed&quot;:5000,&quot;infinite&quot;:&quot;yes&quot;,&quot;speed&quot;:500,&quot;_transform_scale_effect_tablet&quot;:{&quot;unit&quot;:&quot;px&quot;,&quot;size&quot;:&quot;&quot;,&quot;sizes&quot;:[]},&quot;_transform_scale_effect_mobile&quot;:{&quot;unit&quot;:&quot;px&quot;,&quot;size&quot;:&quot;&quot;,&quot;sizes&quot;:[]}}\" data-widget_type=\"image-carousel.default\">\n\t\t\t\t<div class=\"elementor-widget-container\">\n\t\t\t\t\t\t\t<div class=\"elementor-image-carousel-wrapper swiper\" role=\"region\" aria-roledescription=\"carousel\" aria-label=\"Carrusel de im\u00e1genes\" dir=\"ltr\">\n\t\t\t<div class=\"elementor-image-carousel swiper-wrapper\" aria-live=\"off\">\n\t\t\t\t\t\t\t\t<div class=\"swiper-slide\" role=\"group\" aria-roledescription=\"slide\" aria-label=\"1 of 5\"><figure class=\"swiper-slide-inner\"><img decoding=\"async\" class=\"swiper-slide-image\" src=\"https:\/\/oriuxlux.com\/wp-content\/uploads\/2025\/06\/IMG_0750-150x150.jpg\" alt=\"Pedestal Oriux Seri V\" \/><\/figure><\/div><div class=\"swiper-slide\" role=\"group\" aria-roledescription=\"slide\" aria-label=\"2 of 5\"><figure class=\"swiper-slide-inner\"><img decoding=\"async\" class=\"swiper-slide-image\" src=\"https:\/\/oriuxlux.com\/wp-content\/uploads\/2025\/06\/Presentacion-en-Femepa-Prototipo-Serie-V-150x150.jpg\" alt=\"Pedestal Oriux Seri V\" \/><\/figure><\/div><div class=\"swiper-slide\" role=\"group\" aria-roledescription=\"slide\" aria-label=\"3 of 5\"><figure class=\"swiper-slide-inner\"><img decoding=\"async\" class=\"swiper-slide-image\" src=\"https:\/\/oriuxlux.com\/wp-content\/uploads\/2025\/06\/IMG_0713-150x150.jpg\" alt=\"Presentacioon en Femepa\" \/><\/figure><\/div><div class=\"swiper-slide\" role=\"group\" aria-roledescription=\"slide\" aria-label=\"4 of 5\"><figure class=\"swiper-slide-inner\"><img decoding=\"async\" class=\"swiper-slide-image\" src=\"https:\/\/oriuxlux.com\/wp-content\/uploads\/2025\/06\/IMG_0749-150x150.jpg\" alt=\"Pedestal Oriux Seri V\" \/><\/figure><\/div><div class=\"swiper-slide\" role=\"group\" aria-roledescription=\"slide\" aria-label=\"5 of 5\"><figure class=\"swiper-slide-inner\"><img decoding=\"async\" class=\"swiper-slide-image\" src=\"https:\/\/oriuxlux.com\/wp-content\/uploads\/2025\/06\/Diseno-sin-titulo-150x150.png\" alt=\"Prototipo Pedestal color cobre en combinaci\u00f3n con el grifo y la v\u00e1lvula de desag\u00fce\" \/><\/figure><\/div>\t\t\t<\/div>\n\t\t\t\t\t\t\t\t\t\t\t\t<div class=\"elementor-swiper-button elementor-swiper-button-prev\" role=\"button\" tabindex=\"0\">\n\t\t\t\t\t\t<svg aria-hidden=\"true\" class=\"e-font-icon-svg e-eicon-chevron-left\" viewBox=\"0 0 1000 1000\" xmlns=\"http:\/\/www.w3.org\/2000\/svg\"><path d=\"M646 125C629 125 613 133 604 142L308 442C296 454 292 471 292 487 292 504 296 521 308 533L604 854C617 867 629 875 646 875 663 875 679 871 692 858 704 846 713 829 713 812 713 796 708 779 692 767L438 487 692 225C700 217 708 204 708 187 708 171 704 154 692 142 675 129 663 125 646 125Z\"><\/path><\/svg>\t\t\t\t\t<\/div>\n\t\t\t\t\t<div class=\"elementor-swiper-button elementor-swiper-button-next\" role=\"button\" tabindex=\"0\">\n\t\t\t\t\t\t<svg aria-hidden=\"true\" class=\"e-font-icon-svg e-eicon-chevron-right\" viewBox=\"0 0 1000 1000\" xmlns=\"http:\/\/www.w3.org\/2000\/svg\"><path d=\"M696 533C708 521 713 504 713 487 713 471 708 454 696 446L400 146C388 133 375 125 354 125 338 125 325 129 313 142 300 154 292 171 292 187 292 204 296 221 308 233L563 492 304 771C292 783 288 800 288 817 288 833 296 850 308 863 321 871 338 875 354 875 371 875 388 867 400 854L696 533Z\"><\/path><\/svg>\t\t\t\t\t<\/div>\n\t\t\t\t\n\t\t\t\t\t\t\t\t\t<div class=\"swiper-pagination\"><\/div>\n\t\t\t\t\t\t\t\t\t<\/div>\n\t\t\t\t\t\t<\/div>\n\t\t\t\t<\/div>\n\t\t\t\t\t<\/div>\n\t\t\t\t<\/div>\n\t\t\t\t<\/div>\n\t\t","protected":false},"excerpt":{"rendered":"<p>Presentaci\u00f3n Oriux serie V El pasado jueves 19 de junio tuvimos el honor de presentar &#8220;ORIUX Serie V&#8221;,\u00a0 en un encuentro empresarial realizado en las instalaciones de FEMEPA\u00a0 con la colaboraci\u00f3n de un grupo de empresarios de Canarias. En este evento estuvieron presentes Directivos de Femepa, socios de Sinercan y socios de COMETAL, \u00e9sta jornada [&hellip;]<\/p>\n","protected":false},"author":1,"featured_media":0,"parent":0,"menu_order":0,"comment_status":"closed","ping_status":"closed","template":"","meta":{"_uag_custom_page_level_css":"","ocean_post_layout":"","ocean_both_sidebars_style":"","ocean_both_sidebars_content_width":0,"ocean_both_sidebars_sidebars_width":0,"ocean_sidebar":"","ocean_second_sidebar":"","ocean_disable_margins":"enable","ocean_add_body_class":"","ocean_shortcode_before_top_bar":"","ocean_shortcode_after_top_bar":"","ocean_shortcode_before_header":"","ocean_shortcode_after_header":"","ocean_has_shortcode":"","ocean_shortcode_after_title":"","ocean_shortcode_before_footer_widgets":"","ocean_shortcode_after_footer_widgets":"","ocean_shortcode_before_footer_bottom":"","ocean_shortcode_after_footer_bottom":"","ocean_display_top_bar":"default","ocean_display_header":"default","ocean_header_style":"","ocean_center_header_left_menu":"","ocean_custom_header_template":"","ocean_custom_logo":0,"ocean_custom_retina_logo":0,"ocean_custom_logo_max_width":0,"ocean_custom_logo_tablet_max_width":0,"ocean_custom_logo_mobile_max_width":0,"ocean_custom_logo_max_height":0,"ocean_custom_logo_tablet_max_height":0,"ocean_custom_logo_mobile_max_height":0,"ocean_header_custom_menu":"","ocean_menu_typo_font_family":"","ocean_menu_typo_font_subset":"","ocean_menu_typo_font_size":0,"ocean_menu_typo_font_size_tablet":0,"ocean_menu_typo_font_size_mobile":0,"ocean_menu_typo_font_size_unit":"px","ocean_menu_typo_font_weight":"","ocean_menu_typo_font_weight_tablet":"","ocean_menu_typo_font_weight_mobile":"","ocean_menu_typo_transform":"","ocean_menu_typo_transform_tablet":"","ocean_menu_typo_transform_mobile":"","ocean_menu_typo_line_height":0,"ocean_menu_typo_line_height_tablet":0,"ocean_menu_typo_line_height_mobile":0,"ocean_menu_typo_line_height_unit":"","ocean_menu_typo_spacing":0,"ocean_menu_typo_spacing_tablet":0,"ocean_menu_typo_spacing_mobile":0,"ocean_menu_typo_spacing_unit":"","ocean_menu_link_color":"","ocean_menu_link_color_hover":"","ocean_menu_link_color_active":"","ocean_menu_link_background":"","ocean_menu_link_hover_background":"","ocean_menu_link_active_background":"","ocean_menu_social_links_bg":"","ocean_menu_social_hover_links_bg":"","ocean_menu_social_links_color":"","ocean_menu_social_hover_links_color":"","ocean_disable_title":"default","ocean_disable_heading":"default","ocean_post_title":"","ocean_post_subheading":"","ocean_post_title_style":"","ocean_post_title_background_color":"","ocean_post_title_background":0,"ocean_post_title_bg_image_position":"","ocean_post_title_bg_image_attachment":"","ocean_post_title_bg_image_repeat":"","ocean_post_title_bg_image_size":"","ocean_post_title_height":0,"ocean_post_title_bg_overlay":0.5,"ocean_post_title_bg_overlay_color":"","ocean_disable_breadcrumbs":"default","ocean_breadcrumbs_color":"","ocean_breadcrumbs_separator_color":"","ocean_breadcrumbs_links_color":"","ocean_breadcrumbs_links_hover_color":"","ocean_display_footer_widgets":"default","ocean_display_footer_bottom":"default","ocean_custom_footer_template":"","omw_enable_modal_window":"enable","_joinchat":[],"footnotes":""},"class_list":["post-1607","page","type-page","status-publish","hentry","entry"],"yoast_head":"<!-- This site is optimized with the Yoast SEO plugin v27.4 - https:\/\/yoast.com\/product\/yoast-seo-wordpress\/ -->\n<title>Noticias<\/title>\n<meta name=\"robots\" content=\"index, follow, max-snippet:-1, max-image-preview:large, max-video-preview:-1\" \/>\n<link rel=\"canonical\" href=\"https:\/\/oriuxlux.com\/ar\/noticias\/\" \/>\n<meta property=\"og:locale\" content=\"ar_AR\" \/>\n<meta property=\"og:locale:alternate\" content=\"en_US\" \/>\n<meta property=\"og:locale:alternate\" content=\"es_ES\" \/>\n<meta property=\"og:type\" content=\"article\" \/>\n<meta property=\"og:title\" content=\"Noticias\" \/>\n<meta property=\"og:description\" content=\"Presentaci\u00f3n Oriux serie V El pasado jueves 19 de junio tuvimos el honor de presentar &#8220;ORIUX Serie V&#8221;,\u00a0 en un encuentro empresarial realizado en las instalaciones de FEMEPA\u00a0 con la colaboraci\u00f3n de un grupo de empresarios de Canarias. En este evento estuvieron presentes Directivos de Femepa, socios de Sinercan y socios de COMETAL, \u00e9sta jornada [&hellip;]\" \/>\n<meta property=\"og:url\" content=\"https:\/\/oriuxlux.com\/ar\/noticias\/\" \/>\n<meta property=\"article:modified_time\" content=\"2025-06-27T22:38:34+00:00\" \/>\n<meta property=\"og:image\" content=\"https:\/\/oriuxlux.com\/wp-content\/uploads\/2025\/06\/Noticias.png\" \/>\n\t<meta property=\"og:image:width\" content=\"851\" \/>\n\t<meta property=\"og:image:height\" content=\"315\" \/>\n\t<meta property=\"og:image:type\" content=\"image\/png\" \/>\n<meta name=\"twitter:card\" content=\"summary_large_image\" \/>\n<meta name=\"twitter:label1\" content=\"Est. reading time\" \/>\n\t<meta name=\"twitter:data1\" content=\"4 minutes\" \/>\n<script type=\"application\/ld+json\" class=\"yoast-schema-graph\">{\"@context\":\"https:\\\/\\\/schema.org\",\"@graph\":[{\"@type\":\"WebPage\",\"@id\":\"https:\\\/\\\/oriuxlux.com\\\/noticias\\\/\",\"url\":\"https:\\\/\\\/oriuxlux.com\\\/noticias\\\/\",\"name\":\"Noticias\",\"isPartOf\":{\"@id\":\"https:\\\/\\\/oriuxlux.com\\\/#website\"},\"primaryImageOfPage\":{\"@id\":\"https:\\\/\\\/oriuxlux.com\\\/noticias\\\/#primaryimage\"},\"image\":{\"@id\":\"https:\\\/\\\/oriuxlux.com\\\/noticias\\\/#primaryimage\"},\"thumbnailUrl\":\"https:\\\/\\\/oriuxlux.com\\\/wp-content\\\/uploads\\\/2025\\\/06\\\/Noticias.png\",\"datePublished\":\"2025-06-27T22:38:06+00:00\",\"dateModified\":\"2025-06-27T22:38:34+00:00\",\"breadcrumb\":{\"@id\":\"https:\\\/\\\/oriuxlux.com\\\/noticias\\\/#breadcrumb\"},\"inLanguage\":\"ar-SA\",\"potentialAction\":[{\"@type\":\"ReadAction\",\"target\":[\"https:\\\/\\\/oriuxlux.com\\\/noticias\\\/\"]}]},{\"@type\":\"ImageObject\",\"inLanguage\":\"ar-SA\",\"@id\":\"https:\\\/\\\/oriuxlux.com\\\/noticias\\\/#primaryimage\",\"url\":\"https:\\\/\\\/oriuxlux.com\\\/wp-content\\\/uploads\\\/2025\\\/06\\\/Noticias.png\",\"contentUrl\":\"https:\\\/\\\/oriuxlux.com\\\/wp-content\\\/uploads\\\/2025\\\/06\\\/Noticias.png\"},{\"@type\":\"BreadcrumbList\",\"@id\":\"https:\\\/\\\/oriuxlux.com\\\/noticias\\\/#breadcrumb\",\"itemListElement\":[{\"@type\":\"ListItem\",\"position\":1,\"name\":\"Portada\",\"item\":\"https:\\\/\\\/oriuxlux.com\\\/\"},{\"@type\":\"ListItem\",\"position\":2,\"name\":\"Noticias\"}]},{\"@type\":\"WebSite\",\"@id\":\"https:\\\/\\\/oriuxlux.com\\\/#website\",\"url\":\"https:\\\/\\\/oriuxlux.com\\\/\",\"name\":\"\",\"description\":\"\",\"potentialAction\":[{\"@type\":\"SearchAction\",\"target\":{\"@type\":\"EntryPoint\",\"urlTemplate\":\"https:\\\/\\\/oriuxlux.com\\\/?s={search_term_string}\"},\"query-input\":{\"@type\":\"PropertyValueSpecification\",\"valueRequired\":true,\"valueName\":\"search_term_string\"}}],\"inLanguage\":\"ar-SA\"}]}<\/script>\n<!-- \/ Yoast SEO plugin. -->","yoast_head_json":{"title":"Noticias","robots":{"index":"index","follow":"follow","max-snippet":"max-snippet:-1","max-image-preview":"max-image-preview:large","max-video-preview":"max-video-preview:-1"},"canonical":"https:\/\/oriuxlux.com\/ar\/noticias\/","og_locale":"ar_AR","og_type":"article","og_title":"[:es]Noticias[:] -","og_description":"Presentaci\u00f3n Oriux serie V El pasado jueves 19 de junio tuvimos el honor de presentar &#8220;ORIUX Serie V&#8221;,\u00a0 en un encuentro empresarial realizado en las instalaciones de FEMEPA\u00a0 con la colaboraci\u00f3n de un grupo de empresarios de Canarias. En este evento estuvieron presentes Directivos de Femepa, socios de Sinercan y socios de COMETAL, \u00e9sta jornada [&hellip;]","og_url":"https:\/\/oriuxlux.com\/ar\/noticias\/","article_modified_time":"2025-06-27T22:38:34+00:00","og_image":[{"width":851,"height":315,"url":"https:\/\/oriuxlux.com\/wp-content\/uploads\/2025\/06\/Noticias.png","type":"image\/png"}],"twitter_card":"summary_large_image","twitter_misc":{"Est. reading time":"4 minutes"},"schema":{"@context":"https:\/\/schema.org","@graph":[{"@type":"WebPage","@id":"https:\/\/oriuxlux.com\/noticias\/","url":"https:\/\/oriuxlux.com\/noticias\/","name":"Noticias","isPartOf":{"@id":"https:\/\/oriuxlux.com\/#website"},"primaryImageOfPage":{"@id":"https:\/\/oriuxlux.com\/noticias\/#primaryimage"},"image":{"@id":"https:\/\/oriuxlux.com\/noticias\/#primaryimage"},"thumbnailUrl":"https:\/\/oriuxlux.com\/wp-content\/uploads\/2025\/06\/Noticias.png","datePublished":"2025-06-27T22:38:06+00:00","dateModified":"2025-06-27T22:38:34+00:00","breadcrumb":{"@id":"https:\/\/oriuxlux.com\/noticias\/#breadcrumb"},"inLanguage":"ar-SA","potentialAction":[{"@type":"ReadAction","target":["https:\/\/oriuxlux.com\/noticias\/"]}]},{"@type":"ImageObject","inLanguage":"ar-SA","@id":"https:\/\/oriuxlux.com\/noticias\/#primaryimage","url":"https:\/\/oriuxlux.com\/wp-content\/uploads\/2025\/06\/Noticias.png","contentUrl":"https:\/\/oriuxlux.com\/wp-content\/uploads\/2025\/06\/Noticias.png"},{"@type":"BreadcrumbList","@id":"https:\/\/oriuxlux.com\/noticias\/#breadcrumb","itemListElement":[{"@type":"ListItem","position":1,"name":"Portada","item":"https:\/\/oriuxlux.com\/"},{"@type":"ListItem","position":2,"name":"Noticias"}]},{"@type":"WebSite","@id":"https:\/\/oriuxlux.com\/#website","url":"https:\/\/oriuxlux.com\/","name":"","description":"","potentialAction":[{"@type":"SearchAction","target":{"@type":"EntryPoint","urlTemplate":"https:\/\/oriuxlux.com\/?s={search_term_string}"},"query-input":{"@type":"PropertyValueSpecification","valueRequired":true,"valueName":"search_term_string"}}],"inLanguage":"ar-SA"}]}},"uagb_featured_image_src":{"full":false,"thumbnail":false,"medium":false,"medium_large":false,"large":false,"1536x1536":false,"2048x2048":false,"ocean-thumb-m":false,"ocean-thumb-ml":false,"ocean-thumb-l":false},"uagb_author_info":{"display_name":"admin","author_link":"https:\/\/oriuxlux.com\/ar\/author\/dani_defa_qw2v2085\/"},"uagb_comment_info":0,"uagb_excerpt":"Presentaci\u00f3n Oriux serie V El pasado jueves 19 de junio tuvimos el honor de presentar &#8220;ORIUX Serie V&#8221;,\u00a0 en un encuentro empresarial realizado en las instalaciones de FEMEPA\u00a0 con la colaboraci\u00f3n de un grupo de empresarios de Canarias. En este evento estuvieron presentes Directivos de Femepa, socios de Sinercan y socios de COMETAL, \u00e9sta jornada&hellip;","_links":{"self":[{"href":"https:\/\/oriuxlux.com\/ar\/wp-json\/wp\/v2\/pages\/1607","targetHints":{"allow":["GET"]}}],"collection":[{"href":"https:\/\/oriuxlux.com\/ar\/wp-json\/wp\/v2\/pages"}],"about":[{"href":"https:\/\/oriuxlux.com\/ar\/wp-json\/wp\/v2\/types\/page"}],"author":[{"embeddable":true,"href":"https:\/\/oriuxlux.com\/ar\/wp-json\/wp\/v2\/users\/1"}],"replies":[{"embeddable":true,"href":"https:\/\/oriuxlux.com\/ar\/wp-json\/wp\/v2\/comments?post=1607"}],"version-history":[{"count":4,"href":"https:\/\/oriuxlux.com\/ar\/wp-json\/wp\/v2\/pages\/1607\/revisions"}],"predecessor-version":[{"id":1616,"href":"https:\/\/oriuxlux.com\/ar\/wp-json\/wp\/v2\/pages\/1607\/revisions\/1616"}],"wp:attachment":[{"href":"https:\/\/oriuxlux.com\/ar\/wp-json\/wp\/v2\/media?parent=1607"}],"curies":[{"name":"wp","href":"https:\/\/api.w.org\/{rel}","templated":true}]}}